{"id":81,"date":"2025-11-06T01:48:13","date_gmt":"2025-11-06T01:48:13","guid":{"rendered":"https:\/\/dpbn.design-v4curitiba.com\/?page_id=81"},"modified":"2025-11-06T13:02:56","modified_gmt":"2025-11-06T13:02:56","slug":"sobre-nos","status":"publish","type":"page","link":"https:\/\/dpbn.design-v4curitiba.com\/?page_id=81","title":{"rendered":"Sobre N\u00f3s"},"content":{"rendered":"\t\t<div data-elementor-type=\"wp-page\" data-elementor-id=\"81\" class=\"elementor elementor-81\" data-elementor-post-type=\"page\">\n\t\t\t\t<div class=\"elementor-element elementor-element-233acce e-flex e-con-boxed e-con e-parent\" data-id=\"233acce\" data-element_type=\"container\" data-e-type=\"container\" data-settings=\"{&quot;background_background&quot;:&quot;classic&quot;}\">\n\t\t\t\t\t<div class=\"e-con-inner\">\n\t\t\t\t<div class=\"elementor-element elementor-element-4653796 elementor-widget__width-initial elementor-widget elementor-widget-heading\" data-id=\"4653796\" data-element_type=\"widget\" data-e-type=\"widget\" data-widget_type=\"heading.default\">\n\t\t\t\t\t<h1 class=\"elementor-heading-title elementor-size-default\">Sobre N\u00f3s<\/h1>\t\t\t\t<\/div>\n\t\t\t\t\t<\/div>\n\t\t\t\t<\/div>\n\t\t<div class=\"elementor-element elementor-element-9f7efa8 e-flex e-con-boxed e-con e-parent\" data-id=\"9f7efa8\" data-element_type=\"container\" data-e-type=\"container\" data-settings=\"{&quot;background_background&quot;:&quot;classic&quot;}\">\n\t\t\t\t\t<div class=\"e-con-inner\">\n\t\t<div class=\"elementor-element elementor-element-d169926 e-con-full e-flex elementor-invisible e-con e-child\" data-id=\"d169926\" data-element_type=\"container\" data-e-type=\"container\" data-settings=\"{&quot;animation&quot;:&quot;fadeInLeft&quot;}\">\n\t\t\t\t<div class=\"elementor-element elementor-element-da4d076 elementor-widget__width-initial elementor-widget elementor-widget-heading\" data-id=\"da4d076\" data-element_type=\"widget\" data-e-type=\"widget\" data-widget_type=\"heading.default\">\n\t\t\t\t\t<h2 class=\"elementor-heading-title elementor-size-default\">Solu\u00e7\u00f5es financeiras sob medida, guiadas por experi\u00eancia e prop\u00f3sito.<\/h2>\t\t\t\t<\/div>\n\t\t\t\t<div class=\"elementor-element elementor-element-375114d elementor-widget__width-initial elementor-widget elementor-widget-text-editor\" data-id=\"375114d\" data-element_type=\"widget\" data-e-type=\"widget\" data-widget_type=\"text-editor.default\">\n\t\t\t\t\t\t\t\t\t<p>H\u00e1 mais de tr\u00eas d\u00e9cadas, a DPBN Capital atua como uma<strong> boutique de consultoria financeira<\/strong> especializada em <strong>reestrutura\u00e7\u00e3o empresarial, capta\u00e7\u00e3o de recursos e M&amp;A.\u2028<\/strong><\/p>\t\t\t\t\t\t\t\t<\/div>\n\t\t<div class=\"elementor-element elementor-element-f893104 e-con-full e-flex e-con e-child\" data-id=\"f893104\" data-element_type=\"container\" data-e-type=\"container\" data-settings=\"{&quot;background_background&quot;:&quot;gradient&quot;}\">\n\t\t\t\t<div class=\"elementor-element elementor-element-2a145a0 elementor-widget__width-inherit elementor-widget elementor-widget-text-editor\" data-id=\"2a145a0\" data-element_type=\"widget\" data-e-type=\"widget\" data-widget_type=\"text-editor.default\">\n\t\t\t\t\t\t\t\t\t<p>Nossa miss\u00e3o \u00e9 clara: transformar desafios financeiros complexos em oportunidades estrat\u00e9gicas reais, com seguran\u00e7a, precis\u00e3o e confidencialidade.<\/p>\t\t\t\t\t\t\t\t<\/div>\n\t\t\t\t<\/div>\n\t\t\t\t<\/div>\n\t\t<div class=\"elementor-element elementor-element-e3814dc e-con-full e-flex elementor-invisible e-con e-child\" data-id=\"e3814dc\" data-element_type=\"container\" data-e-type=\"container\" data-settings=\"{&quot;animation&quot;:&quot;fadeInRight&quot;}\">\n\t\t\t\t<div class=\"elementor-element elementor-element-1d9d439 elementor-widget__width-initial elementor-widget elementor-widget-image\" data-id=\"1d9d439\" data-element_type=\"widget\" data-e-type=\"widget\" data-widget_type=\"image.default\">\n\t\t\t\t\t\t\t\t\t\t\t\t\t\t\t<img fetchpriority=\"high\" decoding=\"async\" width=\"535\" height=\"466\" src=\"https:\/\/dpbn.design-v4curitiba.com\/wp-content\/uploads\/2025\/11\/dpbn-capital.webp\" class=\"attachment-large size-large wp-image-90\" alt=\"\" srcset=\"https:\/\/dpbn.design-v4curitiba.com\/wp-content\/uploads\/2025\/11\/dpbn-capital.webp 535w, https:\/\/dpbn.design-v4curitiba.com\/wp-content\/uploads\/2025\/11\/dpbn-capital-300x261.webp 300w\" sizes=\"(max-width: 535px) 100vw, 535px\" \/>\t\t\t\t\t\t\t\t\t\t\t\t\t\t\t<\/div>\n\t\t\t\t<div class=\"elementor-element elementor-element-202a817 elementor-widget__width-initial elementor-widget elementor-widget-text-editor\" data-id=\"202a817\" data-element_type=\"widget\" data-e-type=\"widget\" data-widget_type=\"text-editor.default\">\n\t\t\t\t\t\t\t\t\t<p>Com atua\u00e7\u00e3o nacional e conex\u00f5es internacionais \u2014 especialmente na Europa e em Dubai \u2014, somos reconhecidos por um modelo de trabalho artesanal, que trata cada empresa de forma \u00fanica, respeitando sua estrutura, hist\u00f3ria e potencial de crescimento.<\/p>\t\t\t\t\t\t\t\t<\/div>\n\t\t\t\t<\/div>\n\t\t\t\t\t<\/div>\n\t\t\t\t<\/div>\n\t\t<div class=\"elementor-element elementor-element-bbc6380 e-flex e-con-boxed e-con e-parent\" data-id=\"bbc6380\" data-element_type=\"container\" data-e-type=\"container\" data-settings=\"{&quot;background_background&quot;:&quot;classic&quot;}\">\n\t\t\t\t\t<div class=\"e-con-inner\">\n\t\t\t\t<div class=\"elementor-element elementor-element-7743bde elementor-widget-mobile__width-initial elementor-widget elementor-widget-heading\" data-id=\"7743bde\" data-element_type=\"widget\" data-e-type=\"widget\" data-widget_type=\"heading.default\">\n\t\t\t\t\t<h4 class=\"elementor-heading-title elementor-size-default\">Uma consultoria de elite, feita para<\/h4>\t\t\t\t<\/div>\n\t\t\t\t<div class=\"elementor-element elementor-element-645f515 elementor-widget elementor-widget-heading\" data-id=\"645f515\" data-element_type=\"widget\" data-e-type=\"widget\" data-widget_type=\"heading.default\">\n\t\t\t\t\t<h4 class=\"elementor-heading-title elementor-size-default\">empresas que exigem mais.<\/h4>\t\t\t\t<\/div>\n\t\t\t\t<div class=\"elementor-element elementor-element-6c5afed elementor-widget-divider--view-line elementor-widget elementor-widget-divider\" data-id=\"6c5afed\" data-element_type=\"widget\" data-e-type=\"widget\" data-widget_type=\"divider.default\">\n\t\t\t\t\t\t\t<div class=\"elementor-divider\">\n\t\t\t<span class=\"elementor-divider-separator\">\n\t\t\t\t\t\t<\/span>\n\t\t<\/div>\n\t\t\t\t\t\t<\/div>\n\t\t\t\t<div class=\"elementor-element elementor-element-eb10b5a elementor-widget__width-initial elementor-widget-mobile__width-inherit elementor-hidden-desktop elementor-widget elementor-widget-text-editor\" data-id=\"eb10b5a\" data-element_type=\"widget\" data-e-type=\"widget\" data-widget_type=\"text-editor.default\">\n\t\t\t\t\t\t\t\t\t<p><strong>Na DPBN Capital, n\u00e3o seguimos f\u00f3rmulas prontas.\u2028<\/strong><\/p><p>Cada diagn\u00f3stico \u00e9 desenvolvido de forma t\u00e9cnica e personalizada, sustentado por an\u00e1lises profundas e acompanhamento pr\u00e1tico de cada etapa.<\/p><p>Nosso compromisso vai al\u00e9m da entrega de relat\u00f3rios \u2014 estamos presentes na execu\u00e7\u00e3o, garantindo que cada estrat\u00e9gia seja implementada com efici\u00eancia e solidez.<\/p><p>Essa abordagem nos tornou refer\u00eancia em confian\u00e7a, sigilo e performance, apoiando empresas de m\u00e9dio e grande porte que buscam capital, reestrutura\u00e7\u00e3o ou seguran\u00e7a em decis\u00f5es estrat\u00e9gicas.<\/p>\t\t\t\t\t\t\t\t<\/div>\n\t\t<div class=\"elementor-element elementor-element-a513e03 e-grid e-con-full elementor-hidden-tablet elementor-hidden-mobile e-con e-child\" data-id=\"a513e03\" data-element_type=\"container\" data-e-type=\"container\">\n\t\t\t\t<div class=\"elementor-element elementor-element-79def0e elementor-widget__width-inherit elementor-widget elementor-widget-text-editor\" data-id=\"79def0e\" data-element_type=\"widget\" data-e-type=\"widget\" data-widget_type=\"text-editor.default\">\n\t\t\t\t\t\t\t\t\t<p><strong>Na DPBN Capital, n\u00e3o seguimos f\u00f3rmulas prontas.<\/strong>\u2028<\/p><p>Cada diagn\u00f3stico \u00e9 desenvolvido de forma t\u00e9cnica e personalizada, sustentado por an\u00e1lises profundas e acompanhamento pr\u00e1tico de cada etapa.<\/p><p>Nosso compromisso vai al\u00e9m da entrega de relat\u00f3rios \u2014 estamos presentes na execu\u00e7\u00e3o, garantindo que cada estrat\u00e9gia seja implementada com efici\u00eancia e solidez.<\/p>\t\t\t\t\t\t\t\t<\/div>\n\t\t\t\t<div class=\"elementor-element elementor-element-a0c9dc3 elementor-widget__width-inherit elementor-widget elementor-widget-text-editor\" data-id=\"a0c9dc3\" data-element_type=\"widget\" data-e-type=\"widget\" data-widget_type=\"text-editor.default\">\n\t\t\t\t\t\t\t\t\t<p>Essa abordagem nos tornou refer\u00eancia em confian\u00e7a, sigilo e performance, apoiando empresas de m\u00e9dio e grande porte que buscam capital, reestrutura\u00e7\u00e3o ou seguran\u00e7a em decis\u00f5es estrat\u00e9gicas.<\/p>\t\t\t\t\t\t\t\t<\/div>\n\t\t\t\t<\/div>\n\t\t\t\t\t<\/div>\n\t\t\t\t<\/div>\n\t\t<div class=\"elementor-element elementor-element-d28f74b e-flex e-con-boxed e-con e-parent\" data-id=\"d28f74b\" data-element_type=\"container\" data-e-type=\"container\" data-settings=\"{&quot;background_background&quot;:&quot;classic&quot;}\">\n\t\t\t\t\t<div class=\"e-con-inner\">\n\t\t<div class=\"elementor-element elementor-element-a9df930 e-con-full e-flex e-con e-child\" data-id=\"a9df930\" data-element_type=\"container\" data-e-type=\"container\">\n\t\t\t\t<div class=\"elementor-element elementor-element-86d4fdf elementor-widget__width-inherit elementor-widget elementor-widget-heading\" data-id=\"86d4fdf\" data-element_type=\"widget\" data-e-type=\"widget\" data-widget_type=\"heading.default\">\n\t\t\t\t\t<h2 class=\"elementor-heading-title elementor-size-default\">Big numbers<\/h2>\t\t\t\t<\/div>\n\t\t\t\t<\/div>\n\t\t<div class=\"elementor-element elementor-element-1c416c6 e-con-full e-flex e-con e-child\" data-id=\"1c416c6\" data-element_type=\"container\" data-e-type=\"container\">\n\t\t\t\t<div class=\"elementor-element elementor-element-45e037b elementor-widget__width-initial elementor-widget elementor-widget-text-editor\" data-id=\"45e037b\" data-element_type=\"widget\" data-e-type=\"widget\" data-widget_type=\"text-editor.default\">\n\t\t\t\t\t\t\t\t\t<p>Clientes de diferentes setores, que encontraram em nossa consultoria a seguran\u00e7a e expertise necess\u00e1rias para decis\u00f5es estrat\u00e9gicas.<\/p>\t\t\t\t\t\t\t\t<\/div>\n\t\t\t\t<\/div>\n\t\t\t\t\t<\/div>\n\t\t\t\t<\/div>\n\t\t<div class=\"elementor-element elementor-element-63b7d72 e-flex e-con-boxed e-con e-parent\" data-id=\"63b7d72\" data-element_type=\"container\" data-e-type=\"container\" data-settings=\"{&quot;background_background&quot;:&quot;classic&quot;}\">\n\t\t\t\t\t<div class=\"e-con-inner\">\n\t\t<div class=\"elementor-element elementor-element-9babac9 e-grid e-con-full e-con e-child\" data-id=\"9babac9\" data-element_type=\"container\" data-e-type=\"container\">\n\t\t\t\t<div class=\"elementor-element elementor-element-681c1f2 elementor-widget elementor-widget-counter\" data-id=\"681c1f2\" data-element_type=\"widget\" data-e-type=\"widget\" data-widget_type=\"counter.default\">\n\t\t\t\t\t\t\t<div class=\"elementor-counter\">\n\t\t\t<div class=\"elementor-counter-title\">clientes consultoria<\/div>\t\t\t<div class=\"elementor-counter-number-wrapper\">\n\t\t\t\t<span class=\"elementor-counter-number-prefix\">+<\/span>\n\t\t\t\t<span class=\"elementor-counter-number\" data-duration=\"2000\" data-to-value=\"200\" data-from-value=\"0\" data-delimiter=\",\">0<\/span>\n\t\t\t\t<span class=\"elementor-counter-number-suffix\"><\/span>\n\t\t\t<\/div>\n\t\t<\/div>\n\t\t\t\t\t\t<\/div>\n\t\t\t\t<div class=\"elementor-element elementor-element-8e5396f elementor-widget elementor-widget-counter\" data-id=\"8e5396f\" data-element_type=\"widget\" data-e-type=\"widget\" data-widget_type=\"counter.default\">\n\t\t\t\t\t\t\t<div class=\"elementor-counter\">\n\t\t\t<div class=\"elementor-counter-title\">pa\u00edses atendidos<\/div>\t\t\t<div class=\"elementor-counter-number-wrapper\">\n\t\t\t\t<span class=\"elementor-counter-number-prefix\">+<\/span>\n\t\t\t\t<span class=\"elementor-counter-number\" data-duration=\"2000\" data-to-value=\"15\" data-from-value=\"0\" data-delimiter=\",\">0<\/span>\n\t\t\t\t<span class=\"elementor-counter-number-suffix\"><\/span>\n\t\t\t<\/div>\n\t\t<\/div>\n\t\t\t\t\t\t<\/div>\n\t\t\t\t<\/div>\n\t\t\t\t\t<\/div>\n\t\t\t\t<\/div>\n\t\t<div class=\"elementor-element elementor-element-55d4b3e e-flex e-con-boxed e-con e-parent\" data-id=\"55d4b3e\" data-element_type=\"container\" data-e-type=\"container\" data-settings=\"{&quot;background_background&quot;:&quot;classic&quot;}\">\n\t\t\t\t\t<div class=\"e-con-inner\">\n\t\t\t\t<div class=\"elementor-element elementor-element-0574165 elementor-align-center elementor-widget elementor-widget-button\" data-id=\"0574165\" data-element_type=\"widget\" data-e-type=\"widget\" data-widget_type=\"button.default\">\n\t\t\t\t\t\t\t\t\t\t<a class=\"elementor-button elementor-button-link elementor-size-sm\" href=\"#\">\n\t\t\t\t\t\t<span class=\"elementor-button-content-wrapper\">\n\t\t\t\t\t\t\t\t\t<span class=\"elementor-button-text\">DPBN CAPITAL<\/span>\n\t\t\t\t\t<\/span>\n\t\t\t\t\t<\/a>\n\t\t\t\t\t\t\t\t<\/div>\n\t\t\t\t<div class=\"elementor-element elementor-element-0756d84 elementor-widget__width-inherit elementor-widget elementor-widget-heading\" data-id=\"0756d84\" data-element_type=\"widget\" data-e-type=\"widget\" data-widget_type=\"heading.default\">\n\t\t\t\t\t<h2 class=\"elementor-heading-title elementor-size-default\">Nossa filosofia<\/h2>\t\t\t\t<\/div>\n\t\t\t\t<div class=\"elementor-element elementor-element-f93f0e3 elementor-widget__width-initial elementor-widget elementor-widget-text-editor\" data-id=\"f93f0e3\" data-element_type=\"widget\" data-e-type=\"widget\" data-widget_type=\"text-editor.default\">\n\t\t\t\t\t\t\t\t\t<p>Acreditamos que consultoria \u00e9 mais do que n\u00fameros \u2014 \u00e9 sobre pessoas, prop\u00f3sito e legado. Cada projeto que conduzimos \u00e9 tratado com discri\u00e7\u00e3o, \u00e9tica e senso de miss\u00e3o, porque entendemos que a sa\u00fade financeira de uma empresa \u00e9 o alicerce do seu futuro.<br \/>Mais do que consultores, somos parceiros estrat\u00e9gicos, comprometidos em gerar valor sustent\u00e1vel e decis\u00f5es seguras para quem est\u00e1 \u00e0 frente de grandes neg\u00f3cios.<\/p>\t\t\t\t\t\t\t\t<\/div>\n\t\t\t\t\t<\/div>\n\t\t\t\t<\/div>\n\t\t<div class=\"elementor-element elementor-element-946dc9d e-flex e-con-boxed e-con e-parent\" data-id=\"946dc9d\" data-element_type=\"container\" data-e-type=\"container\" data-settings=\"{&quot;background_background&quot;:&quot;classic&quot;}\">\n\t\t\t\t\t<div class=\"e-con-inner\">\n\t\t<div class=\"elementor-element elementor-element-ee0822a e-con-full e-flex elementor-invisible e-con e-child\" data-id=\"ee0822a\" data-element_type=\"container\" data-e-type=\"container\" data-settings=\"{&quot;animation&quot;:&quot;fadeInLeft&quot;}\">\n\t\t\t\t<div class=\"elementor-element elementor-element-a74559e elementor-widget__width-initial elementor-widget elementor-widget-image\" data-id=\"a74559e\" data-element_type=\"widget\" data-e-type=\"widget\" data-widget_type=\"image.default\">\n\t\t\t\t\t\t\t\t\t\t\t\t\t\t\t<img decoding=\"async\" width=\"627\" height=\"798\" src=\"https:\/\/dpbn.design-v4curitiba.com\/wp-content\/uploads\/2025\/11\/Luciano-de-Paula.webp\" class=\"attachment-large size-large wp-image-107\" alt=\"\" srcset=\"https:\/\/dpbn.design-v4curitiba.com\/wp-content\/uploads\/2025\/11\/Luciano-de-Paula.webp 627w, https:\/\/dpbn.design-v4curitiba.com\/wp-content\/uploads\/2025\/11\/Luciano-de-Paula-236x300.webp 236w\" sizes=\"(max-width: 627px) 100vw, 627px\" \/>\t\t\t\t\t\t\t\t\t\t\t\t\t\t\t<\/div>\n\t\t\t\t<\/div>\n\t\t<div class=\"elementor-element elementor-element-866e21f e-con-full e-flex elementor-invisible e-con e-child\" data-id=\"866e21f\" data-element_type=\"container\" data-e-type=\"container\" data-settings=\"{&quot;animation&quot;:&quot;fadeInRight&quot;}\">\n\t\t\t\t<div class=\"elementor-element elementor-element-b874516 elementor-widget__width-inherit elementor-widget elementor-widget-heading\" data-id=\"b874516\" data-element_type=\"widget\" data-e-type=\"widget\" data-widget_type=\"heading.default\">\n\t\t\t\t\t<h2 class=\"elementor-heading-title elementor-size-default\">Nossa <\/br>lideran\u00e7a<\/h2>\t\t\t\t<\/div>\n\t\t\t\t<div class=\"elementor-element elementor-element-3d44c1e elementor-widget__width-initial elementor-widget elementor-widget-text-editor\" data-id=\"3d44c1e\" data-element_type=\"widget\" data-e-type=\"widget\" data-widget_type=\"text-editor.default\">\n\t\t\t\t\t\t\t\t\t<p><strong>Luciano de Paula \u2014 Fundador e Estrategista-Chefe<\/strong><\/p><p>Com mais de 30 anos de experi\u00eancia em finan\u00e7as corporativas, Luciano \u00e9 o mentor por tr\u00e1s da vis\u00e3o estrat\u00e9gica da DPBN Capital. <br \/><br \/>Reconhecido por sua habilidade de diagn\u00f3stico r\u00e1pido e sua leitura precisa de cen\u00e1rios complexos, conduz pessoalmente as reuni\u00f5es iniciais e o desenho das solu\u00e7\u00f5es financeiras.<\/p>\t\t\t\t\t\t\t\t<\/div>\n\t\t\t\t<\/div>\n\t\t\t\t\t<\/div>\n\t\t\t\t<\/div>\n\t\t<div class=\"elementor-element elementor-element-9382906 e-flex e-con-boxed e-con e-parent\" data-id=\"9382906\" data-element_type=\"container\" data-e-type=\"container\" data-settings=\"{&quot;background_background&quot;:&quot;classic&quot;}\">\n\t\t\t\t\t<div class=\"e-con-inner\">\n\t\t<div class=\"elementor-element elementor-element-52b0814 e-con-full e-flex e-con e-child\" data-id=\"52b0814\" data-element_type=\"container\" data-e-type=\"container\">\n\t\t\t\t<div class=\"elementor-element elementor-element-08fd579 elementor-widget__width-initial elementor-widget elementor-widget-heading\" data-id=\"08fd579\" data-element_type=\"widget\" data-e-type=\"widget\" data-widget_type=\"heading.default\">\n\t\t\t\t\t<h2 class=\"elementor-heading-title elementor-size-default\"><span style=\"color: #00B2FF\">DPBN Capital:<\/span><\/br>\nconfian\u00e7a constru\u00edda em cada decis\u00e3o.<\/h2>\t\t\t\t<\/div>\n\t\t\t\t<div class=\"elementor-element elementor-element-e5a8245 elementor-widget__width-initial elementor-widget elementor-widget-text-editor\" data-id=\"e5a8245\" data-element_type=\"widget\" data-e-type=\"widget\" data-widget_type=\"text-editor.default\">\n\t\t\t\t\t\t\t\t\t<p>Nosso prop\u00f3sito \u00e9 proteger o patrim\u00f4nio, ampliar o potencial e garantir o futuro das empresas que confiam em n\u00f3s.<\/p>\t\t\t\t\t\t\t\t<\/div>\n\t\t\t\t<div class=\"elementor-element elementor-element-5e4a0a7 elementor-align-left elementor-widget elementor-widget-button\" data-id=\"5e4a0a7\" data-element_type=\"widget\" data-e-type=\"widget\" data-widget_type=\"button.default\">\n\t\t\t\t\t\t\t\t\t\t<a class=\"elementor-button elementor-button-link elementor-size-sm\" href=\"https:\/\/dpbn.design-v4curitiba.com\/?page_id=138\">\n\t\t\t\t\t\t<span class=\"elementor-button-content-wrapper\">\n\t\t\t\t\t\t\t\t\t<span class=\"elementor-button-text\">Agende uma conversa estrat\u00e9gica<\/span>\n\t\t\t\t\t<\/span>\n\t\t\t\t\t<\/a>\n\t\t\t\t\t\t\t\t<\/div>\n\t\t\t\t<\/div>\n\t\t<div class=\"elementor-element elementor-element-93ce54a e-con-full e-flex e-con e-child\" data-id=\"93ce54a\" data-element_type=\"container\" data-e-type=\"container\">\n\t\t\t\t<div class=\"elementor-element elementor-element-af44f9f elementor-hidden-desktop elementor-widget elementor-widget-spacer\" data-id=\"af44f9f\" data-element_type=\"widget\" data-e-type=\"widget\" data-widget_type=\"spacer.default\">\n\t\t\t\t\t\t\t<div class=\"elementor-spacer\">\n\t\t\t<div class=\"elementor-spacer-inner\"><\/div>\n\t\t<\/div>\n\t\t\t\t\t\t<\/div>\n\t\t\t\t<\/div>\n\t\t\t\t\t<\/div>\n\t\t\t\t<\/div>\n\t\t\t\t<\/div>\n\t\t","protected":false},"excerpt":{"rendered":"<p>Sobre N\u00f3s Solu\u00e7\u00f5es financeiras sob medida, guiadas por experi\u00eancia e prop\u00f3sito. H\u00e1 mais de tr\u00eas d\u00e9cadas, a DPBN Capital atua como uma boutique de consultoria financeira especializada em reestrutura\u00e7\u00e3o empresarial, capta\u00e7\u00e3o de recursos e M&amp;A.\u2028 Nossa miss\u00e3o \u00e9 clara: transformar desafios financeiros complexos em oportunidades estrat\u00e9gicas reais, com seguran\u00e7a, precis\u00e3o e confidencialidade. Com atua\u00e7\u00e3o nacional [&hellip;]<\/p>\n","protected":false},"author":1,"featured_media":0,"parent":0,"menu_order":0,"comment_status":"closed","ping_status":"closed","template":"","meta":{"footnotes":""},"class_list":["post-81","page","type-page","status-publish","hentry"],"_links":{"self":[{"href":"https:\/\/dpbn.design-v4curitiba.com\/index.php?rest_route=\/wp\/v2\/pages\/81","targetHints":{"allow":["GET"]}}],"collection":[{"href":"https:\/\/dpbn.design-v4curitiba.com\/index.php?rest_route=\/wp\/v2\/pages"}],"about":[{"href":"https:\/\/dpbn.design-v4curitiba.com\/index.php?rest_route=\/wp\/v2\/types\/page"}],"author":[{"embeddable":true,"href":"https:\/\/dpbn.design-v4curitiba.com\/index.php?rest_route=\/wp\/v2\/users\/1"}],"replies":[{"embeddable":true,"href":"https:\/\/dpbn.design-v4curitiba.com\/index.php?rest_route=%2Fwp%2Fv2%2Fcomments&post=81"}],"version-history":[{"count":28,"href":"https:\/\/dpbn.design-v4curitiba.com\/index.php?rest_route=\/wp\/v2\/pages\/81\/revisions"}],"predecessor-version":[{"id":235,"href":"https:\/\/dpbn.design-v4curitiba.com\/index.php?rest_route=\/wp\/v2\/pages\/81\/revisions\/235"}],"wp:attachment":[{"href":"https:\/\/dpbn.design-v4curitiba.com\/index.php?rest_route=%2Fwp%2Fv2%2Fmedia&parent=81"}],"curies":[{"name":"wp","href":"https:\/\/api.w.org\/{rel}","templated":true}]}}