{"id":195,"date":"2025-11-06T11:39:31","date_gmt":"2025-11-06T11:39:31","guid":{"rendered":"https:\/\/dpbn.design-v4curitiba.com\/?page_id=195"},"modified":"2025-11-06T11:47:11","modified_gmt":"2025-11-06T11:47:11","slug":"blog","status":"publish","type":"page","link":"https:\/\/dpbn.design-v4curitiba.com\/?page_id=195","title":{"rendered":"Blog"},"content":{"rendered":"\t\t<div data-elementor-type=\"wp-page\" data-elementor-id=\"195\" class=\"elementor elementor-195\" data-elementor-post-type=\"page\">\n\t\t\t\t<div class=\"elementor-element elementor-element-0e97491 e-flex e-con-boxed e-con e-parent\" data-id=\"0e97491\" data-element_type=\"container\" data-e-type=\"container\" data-settings=\"{&quot;background_background&quot;:&quot;classic&quot;}\">\n\t\t\t\t\t<div class=\"e-con-inner\">\n\t\t\t\t<div class=\"elementor-element elementor-element-c49750d elementor-widget__width-initial elementor-widget elementor-widget-heading\" data-id=\"c49750d\" data-element_type=\"widget\" data-e-type=\"widget\" data-widget_type=\"heading.default\">\n\t\t\t\t\t<h1 class=\"elementor-heading-title elementor-size-default\">Blog<\/h1>\t\t\t\t<\/div>\n\t\t\t\t\t<\/div>\n\t\t\t\t<\/div>\n\t\t<div class=\"elementor-element elementor-element-81122e3 e-flex e-con-boxed e-con e-parent\" data-id=\"81122e3\" data-element_type=\"container\" data-e-type=\"container\" data-settings=\"{&quot;background_background&quot;:&quot;classic&quot;}\">\n\t\t\t\t\t<div class=\"e-con-inner\">\n\t\t\t\t<div class=\"elementor-element elementor-element-85cdc4f elementor-widget__width-initial elementor-invisible elementor-widget elementor-widget-heading\" data-id=\"85cdc4f\" data-element_type=\"widget\" data-e-type=\"widget\" data-settings=\"{&quot;_animation&quot;:&quot;fadeInUp&quot;}\" data-widget_type=\"heading.default\">\n\t\t\t\t\t<h2 class=\"elementor-heading-title elementor-size-default\">Insights estrat\u00e9gicos para decis\u00f5es financeiras de alto impacto.<\/h2>\t\t\t\t<\/div>\n\t\t\t\t<div class=\"elementor-element elementor-element-3b84667 elementor-widget__width-initial elementor-invisible elementor-widget elementor-widget-text-editor\" data-id=\"3b84667\" data-element_type=\"widget\" data-e-type=\"widget\" data-settings=\"{&quot;_animation&quot;:&quot;fadeInUp&quot;}\" data-widget_type=\"text-editor.default\">\n\t\t\t\t\t\t\t\t\t<p>An\u00e1lises, tend\u00eancias e conte\u00fados exclusivos sobre finan\u00e7as corporativas, M&amp;A, capta\u00e7\u00e3o de recursos, reestrutura\u00e7\u00e3o de empresas e cen\u00e1rios internacionais de cr\u00e9dito. Nosso objetivo \u00e9 fornecer informa\u00e7\u00f5es que ajudem l\u00edderes empresariais a tomar decis\u00f5es seguras, estrat\u00e9gicas e rent\u00e1veis.<\/p>\t\t\t\t\t\t\t\t<\/div>\n\t\t\t\t<div class=\"elementor-element elementor-element-54c1c38 elementor-grid-1 elementor-hidden-desktop elementor-grid-tablet-2 elementor-grid-mobile-1 elementor-posts--thumbnail-top elementor-widget elementor-widget-posts\" data-id=\"54c1c38\" data-element_type=\"widget\" data-e-type=\"widget\" data-settings=\"{&quot;classic_columns&quot;:&quot;1&quot;,&quot;classic_columns_tablet&quot;:&quot;2&quot;,&quot;classic_columns_mobile&quot;:&quot;1&quot;,&quot;classic_row_gap&quot;:{&quot;unit&quot;:&quot;px&quot;,&quot;size&quot;:35,&quot;sizes&quot;:[]},&quot;classic_row_gap_tablet&quot;:{&quot;unit&quot;:&quot;px&quot;,&quot;size&quot;:&quot;&quot;,&quot;sizes&quot;:[]},&quot;classic_row_gap_mobile&quot;:{&quot;unit&quot;:&quot;px&quot;,&quot;size&quot;:&quot;&quot;,&quot;sizes&quot;:[]}}\" data-widget_type=\"posts.classic\">\n\t\t\t\t<div class=\"elementor-widget-container\">\n\t\t\t\t\t\t\t<div class=\"elementor-posts-container elementor-posts elementor-posts--skin-classic elementor-grid\" role=\"list\">\n\t\t\t\t<article class=\"elementor-post elementor-grid-item post-188 post type-post status-publish format-standard has-post-thumbnail hentry category-uncategorized\" role=\"listitem\">\n\t\t\t\t<a class=\"elementor-post__thumbnail__link\" href=\"https:\/\/dpbn.design-v4curitiba.com\/?p=188\" tabindex=\"-1\" target=&quot;_blank&quot;>\n\t\t\t<div class=\"elementor-post__thumbnail\"><img fetchpriority=\"high\" decoding=\"async\" width=\"300\" height=\"169\" src=\"https:\/\/dpbn.design-v4curitiba.com\/wp-content\/uploads\/2025\/11\/m-and-e-300x169.webp\" class=\"attachment-medium size-medium wp-image-241\" alt=\"\" srcset=\"https:\/\/dpbn.design-v4curitiba.com\/wp-content\/uploads\/2025\/11\/m-and-e-300x169.webp 300w, https:\/\/dpbn.design-v4curitiba.com\/wp-content\/uploads\/2025\/11\/m-and-e-1024x576.webp 1024w, https:\/\/dpbn.design-v4curitiba.com\/wp-content\/uploads\/2025\/11\/m-and-e-768x432.webp 768w, https:\/\/dpbn.design-v4curitiba.com\/wp-content\/uploads\/2025\/11\/m-and-e-1536x864.webp 1536w, https:\/\/dpbn.design-v4curitiba.com\/wp-content\/uploads\/2025\/11\/m-and-e-2048x1152.webp 2048w\" sizes=\"(max-width: 300px) 100vw, 300px\" \/><\/div>\n\t\t<\/a>\n\t\t\t\t<div class=\"elementor-post__text\">\n\t\t\t\t<h3 class=\"elementor-post__title\">\n\t\t\t<a href=\"https:\/\/dpbn.design-v4curitiba.com\/?p=188\" target=&quot;_blank&quot;>\n\t\t\t\tM&amp;A: O Movimento Estrat\u00e9gico que Redefine o Valor das Empresas\t\t\t<\/a>\n\t\t<\/h3>\n\t\t\t\t<div class=\"elementor-post__excerpt\">\n\t\t\t<p>No cen\u00e1rio empresarial contempor\u00e2neo, marcado por desafios econ\u00f4micos e transforma\u00e7\u00f5es<\/p>\n\t\t<\/div>\n\t\t\t\t\t<div class=\"elementor-post__read-more-wrapper\">\n\t\t\n\t\t<a class=\"elementor-post__read-more\" href=\"https:\/\/dpbn.design-v4curitiba.com\/?p=188\" aria-label=\"Read more about M&amp;A: O Movimento Estrat\u00e9gico que Redefine o Valor das Empresas\" tabindex=\"-1\" target=\"_blank\">\n\t\t\tLer mais\t\t<\/a>\n\n\t\t\t\t\t<\/div>\n\t\t\t\t<\/div>\n\t\t\t\t<\/article>\n\t\t\t\t<article class=\"elementor-post elementor-grid-item post-212 post type-post status-publish format-standard has-post-thumbnail hentry category-uncategorized\" role=\"listitem\">\n\t\t\t\t<a class=\"elementor-post__thumbnail__link\" href=\"https:\/\/dpbn.design-v4curitiba.com\/?p=212\" tabindex=\"-1\" target=&quot;_blank&quot;>\n\t\t\t<div class=\"elementor-post__thumbnail\"><img decoding=\"async\" width=\"300\" height=\"169\" src=\"https:\/\/dpbn.design-v4curitiba.com\/wp-content\/uploads\/2025\/11\/mapa-mundial-digital-holograma-fundo-azul-copiar-300x169.webp\" class=\"attachment-medium size-medium wp-image-237\" alt=\"\" srcset=\"https:\/\/dpbn.design-v4curitiba.com\/wp-content\/uploads\/2025\/11\/mapa-mundial-digital-holograma-fundo-azul-copiar-300x169.webp 300w, https:\/\/dpbn.design-v4curitiba.com\/wp-content\/uploads\/2025\/11\/mapa-mundial-digital-holograma-fundo-azul-copiar-1024x576.webp 1024w, https:\/\/dpbn.design-v4curitiba.com\/wp-content\/uploads\/2025\/11\/mapa-mundial-digital-holograma-fundo-azul-copiar-768x432.webp 768w, https:\/\/dpbn.design-v4curitiba.com\/wp-content\/uploads\/2025\/11\/mapa-mundial-digital-holograma-fundo-azul-copiar-1536x864.webp 1536w, https:\/\/dpbn.design-v4curitiba.com\/wp-content\/uploads\/2025\/11\/mapa-mundial-digital-holograma-fundo-azul-copiar-2048x1152.webp 2048w\" sizes=\"(max-width: 300px) 100vw, 300px\" \/><\/div>\n\t\t<\/a>\n\t\t\t\t<div class=\"elementor-post__text\">\n\t\t\t\t<h3 class=\"elementor-post__title\">\n\t\t\t<a href=\"https:\/\/dpbn.design-v4curitiba.com\/?p=212\" target=&quot;_blank&quot;>\n\t\t\t\tCapta\u00e7\u00e3o Internacional: O Caminho da Empresa Brasileira para o Pr\u00f3ximo N\u00edvel\t\t\t<\/a>\n\t\t<\/h3>\n\t\t\t\t<div class=\"elementor-post__excerpt\">\n\t\t\t<p>Em um mundo cada vez mais interconectado, a capta\u00e7\u00e3o internacional<\/p>\n\t\t<\/div>\n\t\t\t\t\t<div class=\"elementor-post__read-more-wrapper\">\n\t\t\n\t\t<a class=\"elementor-post__read-more\" href=\"https:\/\/dpbn.design-v4curitiba.com\/?p=212\" aria-label=\"Read more about Capta\u00e7\u00e3o Internacional: O Caminho da Empresa Brasileira para o Pr\u00f3ximo N\u00edvel\" tabindex=\"-1\" target=\"_blank\">\n\t\t\tLer mais\t\t<\/a>\n\n\t\t\t\t\t<\/div>\n\t\t\t\t<\/div>\n\t\t\t\t<\/article>\n\t\t\t\t<article class=\"elementor-post elementor-grid-item post-243 post type-post status-publish format-standard has-post-thumbnail hentry category-uncategorized\" role=\"listitem\">\n\t\t\t\t<a class=\"elementor-post__thumbnail__link\" href=\"https:\/\/dpbn.design-v4curitiba.com\/?p=243\" tabindex=\"-1\" target=&quot;_blank&quot;>\n\t\t\t<div class=\"elementor-post__thumbnail\"><img decoding=\"async\" width=\"300\" height=\"169\" src=\"https:\/\/dpbn.design-v4curitiba.com\/wp-content\/uploads\/2025\/11\/mapa-mundial-digital-holograma-fundo-azul-copiar2-300x169.webp\" class=\"attachment-medium size-medium wp-image-244\" alt=\"\" srcset=\"https:\/\/dpbn.design-v4curitiba.com\/wp-content\/uploads\/2025\/11\/mapa-mundial-digital-holograma-fundo-azul-copiar2-300x169.webp 300w, https:\/\/dpbn.design-v4curitiba.com\/wp-content\/uploads\/2025\/11\/mapa-mundial-digital-holograma-fundo-azul-copiar2-1024x576.webp 1024w, https:\/\/dpbn.design-v4curitiba.com\/wp-content\/uploads\/2025\/11\/mapa-mundial-digital-holograma-fundo-azul-copiar2-768x432.webp 768w, https:\/\/dpbn.design-v4curitiba.com\/wp-content\/uploads\/2025\/11\/mapa-mundial-digital-holograma-fundo-azul-copiar2-1536x864.webp 1536w, https:\/\/dpbn.design-v4curitiba.com\/wp-content\/uploads\/2025\/11\/mapa-mundial-digital-holograma-fundo-azul-copiar2-2048x1152.webp 2048w\" sizes=\"(max-width: 300px) 100vw, 300px\" \/><\/div>\n\t\t<\/a>\n\t\t\t\t<div class=\"elementor-post__text\">\n\t\t\t\t<h3 class=\"elementor-post__title\">\n\t\t\t<a href=\"https:\/\/dpbn.design-v4curitiba.com\/?p=243\" target=&quot;_blank&quot;>\n\t\t\t\tReestrutura\u00e7\u00e3o de Empresas: O Recome\u00e7o Inteligente que Gera Valor e Sustentabilidade\t\t\t<\/a>\n\t\t<\/h3>\n\t\t\t\t<div class=\"elementor-post__excerpt\">\n\t\t\t<p>Toda empresa, em algum momento, passa por fases de press\u00e3o<\/p>\n\t\t<\/div>\n\t\t\t\t\t<div class=\"elementor-post__read-more-wrapper\">\n\t\t\n\t\t<a class=\"elementor-post__read-more\" href=\"https:\/\/dpbn.design-v4curitiba.com\/?p=243\" aria-label=\"Read more about Reestrutura\u00e7\u00e3o de Empresas: O Recome\u00e7o Inteligente que Gera Valor e Sustentabilidade\" tabindex=\"-1\" target=\"_blank\">\n\t\t\tLer mais\t\t<\/a>\n\n\t\t\t\t\t<\/div>\n\t\t\t\t<\/div>\n\t\t\t\t<\/article>\n\t\t\t\t<\/div>\n\t\t\n\t\t\t\t\t\t<\/div>\n\t\t\t\t<\/div>\n\t\t\t\t<div class=\"elementor-element elementor-element-5948e26 elementor-grid-1 elementor-posts--thumbnail-left elementor-hidden-tablet elementor-hidden-mobile elementor-grid-tablet-2 elementor-grid-mobile-1 elementor-widget elementor-widget-posts\" data-id=\"5948e26\" data-element_type=\"widget\" data-e-type=\"widget\" data-settings=\"{&quot;classic_columns&quot;:&quot;1&quot;,&quot;classic_columns_tablet&quot;:&quot;2&quot;,&quot;classic_columns_mobile&quot;:&quot;1&quot;,&quot;classic_row_gap&quot;:{&quot;unit&quot;:&quot;px&quot;,&quot;size&quot;:35,&quot;sizes&quot;:[]},&quot;classic_row_gap_tablet&quot;:{&quot;unit&quot;:&quot;px&quot;,&quot;size&quot;:&quot;&quot;,&quot;sizes&quot;:[]},&quot;classic_row_gap_mobile&quot;:{&quot;unit&quot;:&quot;px&quot;,&quot;size&quot;:&quot;&quot;,&quot;sizes&quot;:[]}}\" data-widget_type=\"posts.classic\">\n\t\t\t\t<div class=\"elementor-widget-container\">\n\t\t\t\t\t\t\t<div class=\"elementor-posts-container elementor-posts elementor-posts--skin-classic elementor-grid\" role=\"list\">\n\t\t\t\t<article class=\"elementor-post elementor-grid-item post-188 post type-post status-publish format-standard has-post-thumbnail hentry category-uncategorized\" role=\"listitem\">\n\t\t\t\t<a class=\"elementor-post__thumbnail__link\" href=\"https:\/\/dpbn.design-v4curitiba.com\/?p=188\" tabindex=\"-1\" target=&quot;_blank&quot;>\n\t\t\t<div class=\"elementor-post__thumbnail\"><img fetchpriority=\"high\" decoding=\"async\" width=\"300\" height=\"169\" src=\"https:\/\/dpbn.design-v4curitiba.com\/wp-content\/uploads\/2025\/11\/m-and-e-300x169.webp\" class=\"attachment-medium size-medium wp-image-241\" alt=\"\" srcset=\"https:\/\/dpbn.design-v4curitiba.com\/wp-content\/uploads\/2025\/11\/m-and-e-300x169.webp 300w, https:\/\/dpbn.design-v4curitiba.com\/wp-content\/uploads\/2025\/11\/m-and-e-1024x576.webp 1024w, https:\/\/dpbn.design-v4curitiba.com\/wp-content\/uploads\/2025\/11\/m-and-e-768x432.webp 768w, https:\/\/dpbn.design-v4curitiba.com\/wp-content\/uploads\/2025\/11\/m-and-e-1536x864.webp 1536w, https:\/\/dpbn.design-v4curitiba.com\/wp-content\/uploads\/2025\/11\/m-and-e-2048x1152.webp 2048w\" sizes=\"(max-width: 300px) 100vw, 300px\" \/><\/div>\n\t\t<\/a>\n\t\t\t\t<div class=\"elementor-post__text\">\n\t\t\t\t<h3 class=\"elementor-post__title\">\n\t\t\t<a href=\"https:\/\/dpbn.design-v4curitiba.com\/?p=188\" target=&quot;_blank&quot;>\n\t\t\t\tM&amp;A: O Movimento Estrat\u00e9gico que Redefine o Valor das Empresas\t\t\t<\/a>\n\t\t<\/h3>\n\t\t\t\t<div class=\"elementor-post__excerpt\">\n\t\t\t<p>No cen\u00e1rio empresarial contempor\u00e2neo, marcado por desafios econ\u00f4micos e transforma\u00e7\u00f5es<\/p>\n\t\t<\/div>\n\t\t\t\t\t<div class=\"elementor-post__read-more-wrapper\">\n\t\t\n\t\t<a class=\"elementor-post__read-more\" href=\"https:\/\/dpbn.design-v4curitiba.com\/?p=188\" aria-label=\"Read more about M&amp;A: O Movimento Estrat\u00e9gico que Redefine o Valor das Empresas\" tabindex=\"-1\" target=\"_blank\">\n\t\t\tLer mais\t\t<\/a>\n\n\t\t\t\t\t<\/div>\n\t\t\t\t<\/div>\n\t\t\t\t<\/article>\n\t\t\t\t<article class=\"elementor-post elementor-grid-item post-212 post type-post status-publish format-standard has-post-thumbnail hentry category-uncategorized\" role=\"listitem\">\n\t\t\t\t<a class=\"elementor-post__thumbnail__link\" href=\"https:\/\/dpbn.design-v4curitiba.com\/?p=212\" tabindex=\"-1\" target=&quot;_blank&quot;>\n\t\t\t<div class=\"elementor-post__thumbnail\"><img decoding=\"async\" width=\"300\" height=\"169\" src=\"https:\/\/dpbn.design-v4curitiba.com\/wp-content\/uploads\/2025\/11\/mapa-mundial-digital-holograma-fundo-azul-copiar-300x169.webp\" class=\"attachment-medium size-medium wp-image-237\" alt=\"\" srcset=\"https:\/\/dpbn.design-v4curitiba.com\/wp-content\/uploads\/2025\/11\/mapa-mundial-digital-holograma-fundo-azul-copiar-300x169.webp 300w, https:\/\/dpbn.design-v4curitiba.com\/wp-content\/uploads\/2025\/11\/mapa-mundial-digital-holograma-fundo-azul-copiar-1024x576.webp 1024w, https:\/\/dpbn.design-v4curitiba.com\/wp-content\/uploads\/2025\/11\/mapa-mundial-digital-holograma-fundo-azul-copiar-768x432.webp 768w, https:\/\/dpbn.design-v4curitiba.com\/wp-content\/uploads\/2025\/11\/mapa-mundial-digital-holograma-fundo-azul-copiar-1536x864.webp 1536w, https:\/\/dpbn.design-v4curitiba.com\/wp-content\/uploads\/2025\/11\/mapa-mundial-digital-holograma-fundo-azul-copiar-2048x1152.webp 2048w\" sizes=\"(max-width: 300px) 100vw, 300px\" \/><\/div>\n\t\t<\/a>\n\t\t\t\t<div class=\"elementor-post__text\">\n\t\t\t\t<h3 class=\"elementor-post__title\">\n\t\t\t<a href=\"https:\/\/dpbn.design-v4curitiba.com\/?p=212\" target=&quot;_blank&quot;>\n\t\t\t\tCapta\u00e7\u00e3o Internacional: O Caminho da Empresa Brasileira para o Pr\u00f3ximo N\u00edvel\t\t\t<\/a>\n\t\t<\/h3>\n\t\t\t\t<div class=\"elementor-post__excerpt\">\n\t\t\t<p>Em um mundo cada vez mais interconectado, a capta\u00e7\u00e3o internacional<\/p>\n\t\t<\/div>\n\t\t\t\t\t<div class=\"elementor-post__read-more-wrapper\">\n\t\t\n\t\t<a class=\"elementor-post__read-more\" href=\"https:\/\/dpbn.design-v4curitiba.com\/?p=212\" aria-label=\"Read more about Capta\u00e7\u00e3o Internacional: O Caminho da Empresa Brasileira para o Pr\u00f3ximo N\u00edvel\" tabindex=\"-1\" target=\"_blank\">\n\t\t\tLer mais\t\t<\/a>\n\n\t\t\t\t\t<\/div>\n\t\t\t\t<\/div>\n\t\t\t\t<\/article>\n\t\t\t\t<article class=\"elementor-post elementor-grid-item post-243 post type-post status-publish format-standard has-post-thumbnail hentry category-uncategorized\" role=\"listitem\">\n\t\t\t\t<a class=\"elementor-post__thumbnail__link\" href=\"https:\/\/dpbn.design-v4curitiba.com\/?p=243\" tabindex=\"-1\" target=&quot;_blank&quot;>\n\t\t\t<div class=\"elementor-post__thumbnail\"><img decoding=\"async\" width=\"300\" height=\"169\" src=\"https:\/\/dpbn.design-v4curitiba.com\/wp-content\/uploads\/2025\/11\/mapa-mundial-digital-holograma-fundo-azul-copiar2-300x169.webp\" class=\"attachment-medium size-medium wp-image-244\" alt=\"\" srcset=\"https:\/\/dpbn.design-v4curitiba.com\/wp-content\/uploads\/2025\/11\/mapa-mundial-digital-holograma-fundo-azul-copiar2-300x169.webp 300w, https:\/\/dpbn.design-v4curitiba.com\/wp-content\/uploads\/2025\/11\/mapa-mundial-digital-holograma-fundo-azul-copiar2-1024x576.webp 1024w, https:\/\/dpbn.design-v4curitiba.com\/wp-content\/uploads\/2025\/11\/mapa-mundial-digital-holograma-fundo-azul-copiar2-768x432.webp 768w, https:\/\/dpbn.design-v4curitiba.com\/wp-content\/uploads\/2025\/11\/mapa-mundial-digital-holograma-fundo-azul-copiar2-1536x864.webp 1536w, https:\/\/dpbn.design-v4curitiba.com\/wp-content\/uploads\/2025\/11\/mapa-mundial-digital-holograma-fundo-azul-copiar2-2048x1152.webp 2048w\" sizes=\"(max-width: 300px) 100vw, 300px\" \/><\/div>\n\t\t<\/a>\n\t\t\t\t<div class=\"elementor-post__text\">\n\t\t\t\t<h3 class=\"elementor-post__title\">\n\t\t\t<a href=\"https:\/\/dpbn.design-v4curitiba.com\/?p=243\" target=&quot;_blank&quot;>\n\t\t\t\tReestrutura\u00e7\u00e3o de Empresas: O Recome\u00e7o Inteligente que Gera Valor e Sustentabilidade\t\t\t<\/a>\n\t\t<\/h3>\n\t\t\t\t<div class=\"elementor-post__excerpt\">\n\t\t\t<p>Toda empresa, em algum momento, passa por fases de press\u00e3o<\/p>\n\t\t<\/div>\n\t\t\t\t\t<div class=\"elementor-post__read-more-wrapper\">\n\t\t\n\t\t<a class=\"elementor-post__read-more\" href=\"https:\/\/dpbn.design-v4curitiba.com\/?p=243\" aria-label=\"Read more about Reestrutura\u00e7\u00e3o de Empresas: O Recome\u00e7o Inteligente que Gera Valor e Sustentabilidade\" tabindex=\"-1\" target=\"_blank\">\n\t\t\tLer mais\t\t<\/a>\n\n\t\t\t\t\t<\/div>\n\t\t\t\t<\/div>\n\t\t\t\t<\/article>\n\t\t\t\t<\/div>\n\t\t\n\t\t\t\t\t\t<\/div>\n\t\t\t\t<\/div>\n\t\t\t\t\t<\/div>\n\t\t\t\t<\/div>\n\t\t\t\t<\/div>\n\t\t","protected":false},"excerpt":{"rendered":"<p>Blog Insights estrat\u00e9gicos para decis\u00f5es financeiras de alto impacto. An\u00e1lises, tend\u00eancias e conte\u00fados exclusivos sobre finan\u00e7as corporativas, M&amp;A, capta\u00e7\u00e3o de recursos, reestrutura\u00e7\u00e3o de empresas e cen\u00e1rios internacionais de cr\u00e9dito. Nosso objetivo \u00e9 fornecer informa\u00e7\u00f5es que ajudem l\u00edderes empresariais a tomar decis\u00f5es seguras, estrat\u00e9gicas e rent\u00e1veis.<\/p>\n","protected":false},"author":1,"featured_media":0,"parent":0,"menu_order":0,"comment_status":"closed","ping_status":"closed","template":"","meta":{"footnotes":""},"class_list":["post-195","page","type-page","status-publish","hentry"],"_links":{"self":[{"href":"https:\/\/dpbn.design-v4curitiba.com\/index.php?rest_route=\/wp\/v2\/pages\/195","targetHints":{"allow":["GET"]}}],"collection":[{"href":"https:\/\/dpbn.design-v4curitiba.com\/index.php?rest_route=\/wp\/v2\/pages"}],"about":[{"href":"https:\/\/dpbn.design-v4curitiba.com\/index.php?rest_route=\/wp\/v2\/types\/page"}],"author":[{"embeddable":true,"href":"https:\/\/dpbn.design-v4curitiba.com\/index.php?rest_route=\/wp\/v2\/users\/1"}],"replies":[{"embeddable":true,"href":"https:\/\/dpbn.design-v4curitiba.com\/index.php?rest_route=%2Fwp%2Fv2%2Fcomments&post=195"}],"version-history":[{"count":13,"href":"https:\/\/dpbn.design-v4curitiba.com\/index.php?rest_route=\/wp\/v2\/pages\/195\/revisions"}],"predecessor-version":[{"id":211,"href":"https:\/\/dpbn.design-v4curitiba.com\/index.php?rest_route=\/wp\/v2\/pages\/195\/revisions\/211"}],"wp:attachment":[{"href":"https:\/\/dpbn.design-v4curitiba.com\/index.php?rest_route=%2Fwp%2Fv2%2Fmedia&parent=195"}],"curies":[{"name":"wp","href":"https:\/\/api.w.org\/{rel}","templated":true}]}}