{"id":114,"date":"2025-11-06T10:34:25","date_gmt":"2025-11-06T10:34:25","guid":{"rendered":"https:\/\/dpbn.design-v4curitiba.com\/?page_id=114"},"modified":"2025-11-06T12:23:18","modified_gmt":"2025-11-06T12:23:18","slug":"servicos","status":"publish","type":"page","link":"https:\/\/dpbn.design-v4curitiba.com\/?page_id=114","title":{"rendered":"Servi\u00e7os"},"content":{"rendered":"\t\t<div data-elementor-type=\"wp-page\" data-elementor-id=\"114\" class=\"elementor elementor-114\" data-elementor-post-type=\"page\">\n\t\t\t\t<div class=\"elementor-element elementor-element-324da57 e-flex e-con-boxed e-con e-parent\" data-id=\"324da57\" data-element_type=\"container\" data-e-type=\"container\" data-settings=\"{&quot;background_background&quot;:&quot;classic&quot;}\">\n\t\t\t\t\t<div class=\"e-con-inner\">\n\t\t\t\t<div class=\"elementor-element elementor-element-b07dbb9 elementor-widget__width-initial elementor-widget elementor-widget-heading\" data-id=\"b07dbb9\" data-element_type=\"widget\" data-e-type=\"widget\" data-widget_type=\"heading.default\">\n\t\t\t\t\t<h1 class=\"elementor-heading-title elementor-size-default\">Servi\u00e7os<\/h1>\t\t\t\t<\/div>\n\t\t\t\t\t<\/div>\n\t\t\t\t<\/div>\n\t\t<div class=\"elementor-element elementor-element-ec6333a e-flex e-con-boxed e-con e-parent\" data-id=\"ec6333a\" data-element_type=\"container\" data-e-type=\"container\" data-settings=\"{&quot;background_background&quot;:&quot;classic&quot;}\">\n\t\t\t\t\t<div class=\"e-con-inner\">\n\t\t\t\t<div class=\"elementor-element elementor-element-309a6f8 elementor-widget__width-initial elementor-invisible elementor-widget elementor-widget-heading\" data-id=\"309a6f8\" data-element_type=\"widget\" data-e-type=\"widget\" data-settings=\"{&quot;_animation&quot;:&quot;fadeInUp&quot;}\" data-widget_type=\"heading.default\">\n\t\t\t\t\t<h2 class=\"elementor-heading-title elementor-size-default\">Consultoria financeira de alto n\u00edvel para\ndecis\u00f5es que moldam o futuro da sua empresa.<\/h2>\t\t\t\t<\/div>\n\t\t\t\t<div class=\"elementor-element elementor-element-8f86bf6 elementor-widget__width-initial elementor-invisible elementor-widget elementor-widget-text-editor\" data-id=\"8f86bf6\" data-element_type=\"widget\" data-e-type=\"widget\" data-settings=\"{&quot;_animation&quot;:&quot;fadeInUp&quot;}\" data-widget_type=\"text-editor.default\">\n\t\t\t\t\t\t\t\t\t<p>Na DPBN Capital, cada projeto \u00e9 tratado de forma \u00fanica.<\/p><p>Nossa atua\u00e7\u00e3o combina an\u00e1lise t\u00e9cnica, vis\u00e3o estrat\u00e9gica e execu\u00e7\u00e3o pr\u00e1tica, garantindo que cada<br \/>decis\u00e3o financeira \u2014 seja de capta\u00e7\u00e3o, reestrutura\u00e7\u00e3o ou M&amp;A \u2014 ocorra com seguran\u00e7a, clareza e prop\u00f3sito.<\/p><p><strong>Mais do que consultoria, entregamos dire\u00e7\u00e3o estrat\u00e9gica e resultados sustent\u00e1veis.<\/strong><\/p>\t\t\t\t\t\t\t\t<\/div>\n\t\t\t\t\t<\/div>\n\t\t\t\t<\/div>\n\t\t<div class=\"elementor-element elementor-element-487e78e e-flex e-con-boxed e-con e-parent\" data-id=\"487e78e\" data-element_type=\"container\" data-e-type=\"container\" data-settings=\"{&quot;background_background&quot;:&quot;classic&quot;}\">\n\t\t\t\t\t<div class=\"e-con-inner\">\n\t\t\t\t<div class=\"elementor-element elementor-element-bde0812 elementor-widget__width-initial elementor-widget elementor-widget-heading\" data-id=\"bde0812\" data-element_type=\"widget\" data-e-type=\"widget\" id=\"caprec\" data-widget_type=\"heading.default\">\n\t\t\t\t\t<h2 class=\"elementor-heading-title elementor-size-default\">Capta\u00e7\u00e3o de Recursos Financeiros<\/h2>\t\t\t\t<\/div>\n\t\t\t\t<div class=\"elementor-element elementor-element-0c9d20a elementor-widget__width-initial elementor-widget elementor-widget-heading\" data-id=\"0c9d20a\" data-element_type=\"widget\" data-e-type=\"widget\" data-widget_type=\"heading.default\">\n\t\t\t\t\t<h2 class=\"elementor-heading-title elementor-size-default\">O cr\u00e9dito certo, no momento certo.<\/h2>\t\t\t\t<\/div>\n\t\t\t\t<div class=\"elementor-element elementor-element-a451401 elementor-widget__width-initial elementor-widget elementor-widget-text-editor\" data-id=\"a451401\" data-element_type=\"widget\" data-e-type=\"widget\" data-widget_type=\"text-editor.default\">\n\t\t\t\t\t\t\t\t\t<p>Ajudamos empresas de m\u00e9dio e grande porte a estruturar cr\u00e9dito sob medida, com acesso a capital nacional e internacional \u2014 incluindo parcerias exclusivas na Europa e em Dubai.\u2028<br \/>Cada opera\u00e7\u00e3o \u00e9 desenvolvida de forma artesanal e personalizada, alinhando estrat\u00e9gia, prazos e garantias \u00e0 realidade financeira e ao potencial de expans\u00e3o do neg\u00f3cio.<\/p>\t\t\t\t\t\t\t\t<\/div>\n\t\t<div class=\"elementor-element elementor-element-f222b59 e-con-full e-flex e-con e-child\" data-id=\"f222b59\" data-element_type=\"container\" data-e-type=\"container\" data-settings=\"{&quot;background_background&quot;:&quot;gradient&quot;}\">\n\t\t\t\t<div class=\"elementor-element elementor-element-0e82f50 elementor-widget__width-initial elementor-widget elementor-widget-text-editor\" data-id=\"0e82f50\" data-element_type=\"widget\" data-e-type=\"widget\" data-widget_type=\"text-editor.default\">\n\t\t\t\t\t\t\t\t\t<p><strong>Inclui:<\/strong><\/p><ul role=\"list\"><li>Estrutura\u00e7\u00e3o de cr\u00e9dito e funding personalizado.<\/li><li>Acesso a fundos e investidores internacionais.<\/li><li>Relat\u00f3rios t\u00e9cnicos e opini\u00f5es de viabilidade financeira.<\/li><li>Acompanhamento completo at\u00e9 a libera\u00e7\u00e3o dos recursos.<\/li><\/ul>\t\t\t\t\t\t\t\t<\/div>\n\t\t\t\t<\/div>\n\t\t\t\t<div class=\"elementor-element elementor-element-e208082 elementor-align-left elementor-widget elementor-widget-button\" data-id=\"e208082\" data-element_type=\"widget\" data-e-type=\"widget\" data-widget_type=\"button.default\">\n\t\t\t\t\t\t\t\t\t\t<a class=\"elementor-button elementor-button-link elementor-size-sm\" href=\"https:\/\/wa.link\/t8rnqn\">\n\t\t\t\t\t\t<span class=\"elementor-button-content-wrapper\">\n\t\t\t\t\t\t\t\t\t<span class=\"elementor-button-text\">Saiba mais sobre capta\u00e7\u00e3o estrat\u00e9gica<\/span>\n\t\t\t\t\t<\/span>\n\t\t\t\t\t<\/a>\n\t\t\t\t\t\t\t\t<\/div>\n\t\t\t\t<div class=\"elementor-element elementor-element-b5fec56 elementor-widget-divider--view-line elementor-widget elementor-widget-divider\" data-id=\"b5fec56\" data-element_type=\"widget\" data-e-type=\"widget\" data-widget_type=\"divider.default\">\n\t\t\t\t\t\t\t<div class=\"elementor-divider\">\n\t\t\t<span class=\"elementor-divider-separator\">\n\t\t\t\t\t\t<\/span>\n\t\t<\/div>\n\t\t\t\t\t\t<\/div>\n\t\t\t\t<div class=\"elementor-element elementor-element-3df12ed elementor-widget__width-initial elementor-widget elementor-widget-heading\" data-id=\"3df12ed\" data-element_type=\"widget\" data-e-type=\"widget\" id=\"resem\" data-widget_type=\"heading.default\">\n\t\t\t\t\t<h2 class=\"elementor-heading-title elementor-size-default\">Reestrutura\u00e7\u00e3o de Empresas<\/h2>\t\t\t\t<\/div>\n\t\t\t\t<div class=\"elementor-element elementor-element-3d659bb elementor-widget__width-initial elementor-widget elementor-widget-heading\" data-id=\"3d659bb\" data-element_type=\"widget\" data-e-type=\"widget\" data-widget_type=\"heading.default\">\n\t\t\t\t\t<h2 class=\"elementor-heading-title elementor-size-default\">Diagn\u00f3stico profundo, execu\u00e7\u00e3o com prop\u00f3sito.<\/h2>\t\t\t\t<\/div>\n\t\t\t\t<div class=\"elementor-element elementor-element-fef75bb elementor-widget__width-initial elementor-widget elementor-widget-text-editor\" data-id=\"fef75bb\" data-element_type=\"widget\" data-e-type=\"widget\" data-widget_type=\"text-editor.default\">\n\t\t\t\t\t\t\t\t\t<p>A reestrutura\u00e7\u00e3o vai al\u00e9m de ajustar n\u00fameros \u2014 \u00e9 um processo<br \/>de reposicionamento financeiro e estrat\u00e9gico.\u2028 Realizamos um mapeamento detalhado da sa\u00fade financeira, identificando gargalos, oportunidades e solu\u00e7\u00f5es de rentabilidade. Com base nisso, criamos planos de a\u00e7\u00e3o claros e exequ\u00edveis, conduzidos com acompanhamento pr\u00f3ximo da equipe DPBN Capital.<\/p>\t\t\t\t\t\t\t\t<\/div>\n\t\t<div class=\"elementor-element elementor-element-e6d74e4 e-con-full e-flex e-con e-child\" data-id=\"e6d74e4\" data-element_type=\"container\" data-e-type=\"container\" data-settings=\"{&quot;background_background&quot;:&quot;gradient&quot;}\">\n\t\t\t\t<div class=\"elementor-element elementor-element-63d36b7 elementor-widget__width-initial elementor-widget elementor-widget-text-editor\" data-id=\"63d36b7\" data-element_type=\"widget\" data-e-type=\"widget\" data-widget_type=\"text-editor.default\">\n\t\t\t\t\t\t\t\t\t<p><strong>Inclui:<\/strong><\/p><ul role=\"list\"><li>Diagn\u00f3stico t\u00e9cnico-financeiro detalhado.<\/li><li>Estrat\u00e9gias de redu\u00e7\u00e3o de custos e otimiza\u00e7\u00e3o de fluxo de caixa.<\/li><li>Reorganiza\u00e7\u00e3o de d\u00edvidas e ativos.<\/li><li>Planejamento de longo prazo e acompanhamento da execu\u00e7\u00e3o.<\/li><\/ul>\t\t\t\t\t\t\t\t<\/div>\n\t\t\t\t<\/div>\n\t\t\t\t<div class=\"elementor-element elementor-element-75860b6 elementor-align-left elementor-widget elementor-widget-button\" data-id=\"75860b6\" data-element_type=\"widget\" data-e-type=\"widget\" data-widget_type=\"button.default\">\n\t\t\t\t\t\t\t\t\t\t<a class=\"elementor-button elementor-button-link elementor-size-sm\" href=\"https:\/\/wa.link\/yp1dz9\">\n\t\t\t\t\t\t<span class=\"elementor-button-content-wrapper\">\n\t\t\t\t\t\t\t\t\t<span class=\"elementor-button-text\">Descubra como fortalecer sua estrutura financeira<\/span>\n\t\t\t\t\t<\/span>\n\t\t\t\t\t<\/a>\n\t\t\t\t\t\t\t\t<\/div>\n\t\t\t\t<div class=\"elementor-element elementor-element-7dd516c elementor-widget-divider--view-line elementor-widget elementor-widget-divider\" data-id=\"7dd516c\" data-element_type=\"widget\" data-e-type=\"widget\" data-widget_type=\"divider.default\">\n\t\t\t\t\t\t\t<div class=\"elementor-divider\">\n\t\t\t<span class=\"elementor-divider-separator\">\n\t\t\t\t\t\t<\/span>\n\t\t<\/div>\n\t\t\t\t\t\t<\/div>\n\t\t\t\t<div class=\"elementor-element elementor-element-c3322cc elementor-widget__width-initial elementor-widget elementor-widget-heading\" data-id=\"c3322cc\" data-element_type=\"widget\" data-e-type=\"widget\" id=\"mba\" data-widget_type=\"heading.default\">\n\t\t\t\t\t<h2 class=\"elementor-heading-title elementor-size-default\">M&amp;A e Fus\u00f5es<\/h2>\t\t\t\t<\/div>\n\t\t\t\t<div class=\"elementor-element elementor-element-c8a1c10 elementor-widget__width-initial elementor-widget elementor-widget-heading\" data-id=\"c8a1c10\" data-element_type=\"widget\" data-e-type=\"widget\" data-widget_type=\"heading.default\">\n\t\t\t\t\t<h2 class=\"elementor-heading-title elementor-size-default\">Decis\u00f5es seguras para movimentos de alto impacto.<\/h2>\t\t\t\t<\/div>\n\t\t\t\t<div class=\"elementor-element elementor-element-e6ce286 elementor-widget__width-initial elementor-widget elementor-widget-text-editor\" data-id=\"e6ce286\" data-element_type=\"widget\" data-e-type=\"widget\" data-widget_type=\"text-editor.default\">\n\t\t\t\t\t\t\t\t\t<p>Apoiamos empresas em processos de fus\u00f5es, aquisi\u00e7\u00f5es, sucess\u00f5es e parcerias estrat\u00e9gicas, oferecendo an\u00e1lises profundas e sigilosas, essenciais para decis\u00f5es de alto valor.\u2028 Nossos especialistas conduzem o processo de ponta a ponta \u2014 do diagn\u00f3stico de viabilidade ao acompanhamento jur\u00eddico e financeiro, assegurando uma transi\u00e7\u00e3o s\u00f3lida e vantajosa.<\/p>\t\t\t\t\t\t\t\t<\/div>\n\t\t<div class=\"elementor-element elementor-element-c98311c e-con-full e-flex e-con e-child\" data-id=\"c98311c\" data-element_type=\"container\" data-e-type=\"container\" data-settings=\"{&quot;background_background&quot;:&quot;gradient&quot;}\">\n\t\t\t\t<div class=\"elementor-element elementor-element-5a4970b elementor-widget__width-initial elementor-widget elementor-widget-text-editor\" data-id=\"5a4970b\" data-element_type=\"widget\" data-e-type=\"widget\" data-widget_type=\"text-editor.default\">\n\t\t\t\t\t\t\t\t\t<p><strong>Inclui:<\/strong><\/p><ul role=\"list\"><li>Diagn\u00f3stico t\u00e9cnico e estrat\u00e9gico de M&amp;A.<\/li><li>Valuation empresarial (dispon\u00edvel como servi\u00e7o contratado).<\/li><li>Estrutura\u00e7\u00e3o de cen\u00e1rios e due diligence.<\/li><li>Assessoria em negocia\u00e7\u00e3o e integra\u00e7\u00e3o p\u00f3s-fus\u00e3o.<\/li><\/ul>\t\t\t\t\t\t\t\t<\/div>\n\t\t\t\t<\/div>\n\t\t\t\t<div class=\"elementor-element elementor-element-74e02f1 elementor-align-left elementor-widget elementor-widget-button\" data-id=\"74e02f1\" data-element_type=\"widget\" data-e-type=\"widget\" data-widget_type=\"button.default\">\n\t\t\t\t\t\t\t\t\t\t<a class=\"elementor-button elementor-button-link elementor-size-sm\" href=\"https:\/\/wa.link\/cexh6l\">\n\t\t\t\t\t\t<span class=\"elementor-button-content-wrapper\">\n\t\t\t\t\t\t\t\t\t<span class=\"elementor-button-text\">Fale com um especialista em M&amp;A<\/span>\n\t\t\t\t\t<\/span>\n\t\t\t\t\t<\/a>\n\t\t\t\t\t\t\t\t<\/div>\n\t\t\t\t<div class=\"elementor-element elementor-element-50154df elementor-widget-divider--view-line elementor-widget elementor-widget-divider\" data-id=\"50154df\" data-element_type=\"widget\" data-e-type=\"widget\" data-widget_type=\"divider.default\">\n\t\t\t\t\t\t\t<div class=\"elementor-divider\">\n\t\t\t<span class=\"elementor-divider-separator\">\n\t\t\t\t\t\t<\/span>\n\t\t<\/div>\n\t\t\t\t\t\t<\/div>\n\t\t\t\t<div class=\"elementor-element elementor-element-86d6d2b elementor-widget__width-initial elementor-widget elementor-widget-heading\" data-id=\"86d6d2b\" data-element_type=\"widget\" data-e-type=\"widget\" id=\"special\" data-widget_type=\"heading.default\">\n\t\t\t\t\t<h2 class=\"elementor-heading-title elementor-size-default\">Estrutura\u00e7\u00f5es Complexas \u2013 Special Situations<\/h2>\t\t\t\t<\/div>\n\t\t\t\t<div class=\"elementor-element elementor-element-47c6b95 elementor-widget__width-inherit elementor-widget elementor-widget-heading\" data-id=\"47c6b95\" data-element_type=\"widget\" data-e-type=\"widget\" data-widget_type=\"heading.default\">\n\t\t\t\t\t<h2 class=\"elementor-heading-title elementor-size-default\">Solu\u00e7\u00f5es estrat\u00e9gicas para cen\u00e1rios empresariais de alta complexidade.<\/h2>\t\t\t\t<\/div>\n\t\t\t\t<div class=\"elementor-element elementor-element-aa3fca5 elementor-widget__width-initial elementor-widget elementor-widget-text-editor\" data-id=\"aa3fca5\" data-element_type=\"widget\" data-e-type=\"widget\" data-widget_type=\"text-editor.default\">\n\t\t\t\t\t\t\t\t\t<p>Atuamos em situa\u00e7\u00f5es que exigem reestrutura\u00e7\u00e3o societ\u00e1ria, financeira ou operacional, oferecendo solu\u00e7\u00f5es sob medida que preservam valor, reduzem riscos e garantem a continuidade do neg\u00f3cio. Cada projeto \u00e9 conduzido de forma artesanal e personalizada, considerando a realidade da empresa e os objetivos estrat\u00e9gicos de longo prazo.<\/p>\t\t\t\t\t\t\t\t<\/div>\n\t\t<div class=\"elementor-element elementor-element-778ef9d e-con-full e-flex e-con e-child\" data-id=\"778ef9d\" data-element_type=\"container\" data-e-type=\"container\" data-settings=\"{&quot;background_background&quot;:&quot;gradient&quot;}\">\n\t\t\t\t<div class=\"elementor-element elementor-element-8260db8 elementor-widget__width-initial elementor-widget elementor-widget-text-editor\" data-id=\"8260db8\" data-element_type=\"widget\" data-e-type=\"widget\" data-widget_type=\"text-editor.default\">\n\t\t\t\t\t\t\t\t\t<p><strong>Inclui:<\/strong><\/p><ul role=\"list\"><li>Planejamento e execu\u00e7\u00e3o de reestrutura\u00e7\u00f5es societ\u00e1rias e financeiras.<\/li><li>Diagn\u00f3stico profundo de riscos e oportunidades.<\/li><li>Opini\u00f5es t\u00e9cnicos estrat\u00e9gicos para decis\u00f5es cr\u00edticas.<\/li><li>Acompanhamento completo durante todo o processo de implementa\u00e7\u00e3o.<\/li><\/ul>\t\t\t\t\t\t\t\t<\/div>\n\t\t\t\t<\/div>\n\t\t\t\t<div class=\"elementor-element elementor-element-4ff79ea elementor-align-left elementor-widget elementor-widget-button\" data-id=\"4ff79ea\" data-element_type=\"widget\" data-e-type=\"widget\" data-widget_type=\"button.default\">\n\t\t\t\t\t\t\t\t\t\t<a class=\"elementor-button elementor-button-link elementor-size-sm\" href=\"https:\/\/wa.link\/cjnzk6\">\n\t\t\t\t\t\t<span class=\"elementor-button-content-wrapper\">\n\t\t\t\t\t\t\t\t\t<span class=\"elementor-button-text\">Saiba mais sobre nossas solu\u00e7\u00f5es complexas<\/span>\n\t\t\t\t\t<\/span>\n\t\t\t\t\t<\/a>\n\t\t\t\t\t\t\t\t<\/div>\n\t\t\t\t\t<\/div>\n\t\t\t\t<\/div>\n\t\t<div class=\"elementor-element elementor-element-834241f e-flex e-con-boxed e-con e-parent\" data-id=\"834241f\" data-element_type=\"container\" data-e-type=\"container\" data-settings=\"{&quot;background_background&quot;:&quot;classic&quot;}\">\n\t\t\t\t\t<div class=\"e-con-inner\">\n\t\t\t\t<div class=\"elementor-element elementor-element-a730d38 elementor-widget__width-initial elementor-invisible elementor-widget elementor-widget-heading\" data-id=\"a730d38\" data-element_type=\"widget\" data-e-type=\"widget\" data-settings=\"{&quot;_animation&quot;:&quot;fadeInUp&quot;}\" data-widget_type=\"heading.default\">\n\t\t\t\t\t<h2 class=\"elementor-heading-title elementor-size-default\">Seguran\u00e7a e Confidencialidade<\/h2>\t\t\t\t<\/div>\n\t\t\t\t<div class=\"elementor-element elementor-element-87d09f3 elementor-widget__width-initial elementor-invisible elementor-widget elementor-widget-heading\" data-id=\"87d09f3\" data-element_type=\"widget\" data-e-type=\"widget\" data-settings=\"{&quot;_animation&quot;:&quot;fadeInUp&quot;}\" data-widget_type=\"heading.default\">\n\t\t\t\t\t<h2 class=\"elementor-heading-title elementor-size-default\">Seu neg\u00f3cio, seus dados, nossa responsabilidade.<\/h2>\t\t\t\t<\/div>\n\t\t\t\t<div class=\"elementor-element elementor-element-c059cdc elementor-widget__width-initial elementor-invisible elementor-widget elementor-widget-text-editor\" data-id=\"c059cdc\" data-element_type=\"widget\" data-e-type=\"widget\" data-settings=\"{&quot;_animation&quot;:&quot;fadeInUp&quot;}\" data-widget_type=\"text-editor.default\">\n\t\t\t\t\t\t\t\t\t<p>Cada projeto \u00e9 protegido por acordos de confidencialidade (NCDA) com validade m\u00ednima de 5 anos.\u2028 A DPBN Capital opera sob padr\u00f5es internacionais de sigilo e compliance, garantindo prote\u00e7\u00e3o total de informa\u00e7\u00f5es e integridade em cada etapa do processo.<\/p>\t\t\t\t\t\t\t\t<\/div>\n\t\t\t\t\t<\/div>\n\t\t\t\t<\/div>\n\t\t<div class=\"elementor-element elementor-element-6979e7b e-flex e-con-boxed e-con e-parent\" data-id=\"6979e7b\" data-element_type=\"container\" data-e-type=\"container\" data-settings=\"{&quot;background_background&quot;:&quot;classic&quot;}\">\n\t\t\t\t\t<div class=\"e-con-inner\">\n\t\t<div class=\"elementor-element elementor-element-129a590 e-con-full e-flex e-con e-child\" data-id=\"129a590\" data-element_type=\"container\" data-e-type=\"container\">\n\t\t\t\t<div class=\"elementor-element elementor-element-6e2a36a elementor-widget__width-initial elementor-widget elementor-widget-heading\" data-id=\"6e2a36a\" data-element_type=\"widget\" data-e-type=\"widget\" data-widget_type=\"heading.default\">\n\t\t\t\t\t<h2 class=\"elementor-heading-title elementor-size-default\"><span style=\"color: #00B2FF\">DPBN Capital:<\/span><\/br>\nda an\u00e1lise \u00e0 execu\u00e7\u00e3o, com precis\u00e3o e seguran\u00e7a.<\/h2>\t\t\t\t<\/div>\n\t\t\t\t<div class=\"elementor-element elementor-element-911e83d elementor-widget__width-initial elementor-widget elementor-widget-text-editor\" data-id=\"911e83d\" data-element_type=\"widget\" data-e-type=\"widget\" data-widget_type=\"text-editor.default\">\n\t\t\t\t\t\t\t\t\t<p>Somos o ponto de equil\u00edbrio entre estrat\u00e9gia, capital e confian\u00e7a.<\/p>\t\t\t\t\t\t\t\t<\/div>\n\t\t\t\t<div class=\"elementor-element elementor-element-b9fb948 elementor-align-left elementor-widget elementor-widget-button\" data-id=\"b9fb948\" data-element_type=\"widget\" data-e-type=\"widget\" data-widget_type=\"button.default\">\n\t\t\t\t\t\t\t\t\t\t<a class=\"elementor-button elementor-button-link elementor-size-sm\" href=\"https:\/\/dpbn.design-v4curitiba.com\/?page_id=138\">\n\t\t\t\t\t\t<span class=\"elementor-button-content-wrapper\">\n\t\t\t\t\t\t\t\t\t<span class=\"elementor-button-text\">Agende uma conversa estrat\u00e9gica<\/span>\n\t\t\t\t\t<\/span>\n\t\t\t\t\t<\/a>\n\t\t\t\t\t\t\t\t<\/div>\n\t\t\t\t<\/div>\n\t\t<div class=\"elementor-element elementor-element-9e95bf6 e-con-full e-flex e-con e-child\" data-id=\"9e95bf6\" data-element_type=\"container\" data-e-type=\"container\">\n\t\t\t\t<div class=\"elementor-element elementor-element-c18471c elementor-hidden-desktop elementor-widget elementor-widget-spacer\" data-id=\"c18471c\" data-element_type=\"widget\" data-e-type=\"widget\" data-widget_type=\"spacer.default\">\n\t\t\t\t\t\t\t<div class=\"elementor-spacer\">\n\t\t\t<div class=\"elementor-spacer-inner\"><\/div>\n\t\t<\/div>\n\t\t\t\t\t\t<\/div>\n\t\t\t\t<\/div>\n\t\t\t\t\t<\/div>\n\t\t\t\t<\/div>\n\t\t\t\t<\/div>\n\t\t","protected":false},"excerpt":{"rendered":"<p>Servi\u00e7os Consultoria financeira de alto n\u00edvel para decis\u00f5es que moldam o futuro da sua empresa. Na DPBN Capital, cada projeto \u00e9 tratado de forma \u00fanica. Nossa atua\u00e7\u00e3o combina an\u00e1lise t\u00e9cnica, vis\u00e3o estrat\u00e9gica e execu\u00e7\u00e3o pr\u00e1tica, garantindo que cadadecis\u00e3o financeira \u2014 seja de capta\u00e7\u00e3o, reestrutura\u00e7\u00e3o ou M&amp;A \u2014 ocorra com seguran\u00e7a, clareza e prop\u00f3sito. Mais do [&hellip;]<\/p>\n","protected":false},"author":1,"featured_media":0,"parent":0,"menu_order":0,"comment_status":"closed","ping_status":"closed","template":"","meta":{"footnotes":""},"class_list":["post-114","page","type-page","status-publish","hentry"],"_links":{"self":[{"href":"https:\/\/dpbn.design-v4curitiba.com\/index.php?rest_route=\/wp\/v2\/pages\/114","targetHints":{"allow":["GET"]}}],"collection":[{"href":"https:\/\/dpbn.design-v4curitiba.com\/index.php?rest_route=\/wp\/v2\/pages"}],"about":[{"href":"https:\/\/dpbn.design-v4curitiba.com\/index.php?rest_route=\/wp\/v2\/types\/page"}],"author":[{"embeddable":true,"href":"https:\/\/dpbn.design-v4curitiba.com\/index.php?rest_route=\/wp\/v2\/users\/1"}],"replies":[{"embeddable":true,"href":"https:\/\/dpbn.design-v4curitiba.com\/index.php?rest_route=%2Fwp%2Fv2%2Fcomments&post=114"}],"version-history":[{"count":28,"href":"https:\/\/dpbn.design-v4curitiba.com\/index.php?rest_route=\/wp\/v2\/pages\/114\/revisions"}],"predecessor-version":[{"id":226,"href":"https:\/\/dpbn.design-v4curitiba.com\/index.php?rest_route=\/wp\/v2\/pages\/114\/revisions\/226"}],"wp:attachment":[{"href":"https:\/\/dpbn.design-v4curitiba.com\/index.php?rest_route=%2Fwp%2Fv2%2Fmedia&parent=114"}],"curies":[{"name":"wp","href":"https:\/\/api.w.org\/{rel}","templated":true}]}}